{"id":13,"date":"2012-11-27T08:09:41","date_gmt":"2012-11-27T07:09:41","guid":{"rendered":"http:\/\/rotarycatez.si\/?page_id=13"},"modified":"2022-01-13T15:49:33","modified_gmt":"2022-01-13T14:49:33","slug":"zacetno-uvodna-stran","status":"publish","type":"page","link":"https:\/\/rotarycatez.si\/?page_id=13","title":{"rendered":"Dobrodo\u0161li"},"content":{"rendered":"<p>ROTARY KLUB \u010cATE\u017d leta 2022 praznuje 25. obletnico delovanja na obmo\u010dju Posavja, Kozjanskega in Obsotelja. Njegovi \u010dlani so cenjeni predstavniki, ki prebivajo v ob\u010dinah Bre\u017eice, Kr\u0161ko, Kostanjevica na Krki, Sevnica , Kozje, Pod\u010detrtek in Bistrica ob Sotli.<\/p>\n<p>Predstavitev kluba:\u00a0<a href=\"http:\/\/rotarycatez.si\/wp-content\/uploads\/RC-Catez-Eng-2012.pptx\">RC-Catez-Eng-2012<\/a><\/p>\n<p>Na tej spletni strani objavljamo splo\u0161ne podatke o na\u0161em klubu, sprotno dogajanje in aktivnosti pa lahko spremljajte v na\u0161i\u00a0<a href=\"https:\/\/www.facebook.com\/groups\/RotaryKlubCatez\/\">Facebook<\/a>\u00a0skupini!<\/p>\n<p><a href=\"http:\/\/rotarycatez.si\/?attachment_id=48\" rel=\"attachment wp-att-48\"><img loading=\"lazy\" decoding=\"async\" class=\"size-full wp-image-48 alignleft\" title=\"image001\" src=\"http:\/\/rotarycatez.si\/wp-content\/uploads\/image001.png\" alt=\"\" width=\"127\" height=\"111\" \/><\/a>Krka, Sotla in Sava, ki se zlivajo v eno in te\u010dejo naprej v skupnem toku, so simbolno predstavljene tudi na klubskem znaku. Tu, ob soto\u010dju teh rek se sre\u010dujemo mi, ki tudi kljub temu, da smo med seboj tako razli\u010dni, ustvarjamo prijateljski soutrip.<\/p>\n<p>Kontakt:\u00a0catez@rotaryslovenia.org<\/p>\n","protected":false},"excerpt":{"rendered":"<p>ROTARY KLUB \u010cATE\u017d leta 2022 praznuje 25. obletnico delovanja na obmo\u010dju Posavja, Kozjanskega in Obsotelja. Njegovi \u010dlani so cenjeni predstavniki, ki prebivajo v ob\u010dinah Bre\u017eice, Kr\u0161ko, Kostanjevica na Krki, Sevnica , Kozje, Pod\u010detrtek in Bistrica ob Sotli. Predstavitev kluba:\u00a0RC-Catez-Eng-2012 Na &hellip; <a href=\"https:\/\/rotarycatez.si\/?page_id=13\">Continue reading <span class=\"meta-nav\">&rarr;<\/span><\/a><\/p>\n","protected":false},"author":1,"featured_media":0,"parent":0,"menu_order":0,"comment_status":"closed","ping_status":"closed","template":"","meta":{"footnotes":""},"class_list":["post-13","page","type-page","status-publish","hentry"],"publishpress_future_action":{"enabled":false,"date":"2026-04-11 01:31:33","action":"change-status","newStatus":"draft","terms":[],"taxonomy":"","extraData":[]},"publishpress_future_workflow_manual_trigger":{"enabledWorkflows":[]},"_links":{"self":[{"href":"https:\/\/rotarycatez.si\/index.php?rest_route=\/wp\/v2\/pages\/13","targetHints":{"allow":["GET"]}}],"collection":[{"href":"https:\/\/rotarycatez.si\/index.php?rest_route=\/wp\/v2\/pages"}],"about":[{"href":"https:\/\/rotarycatez.si\/index.php?rest_route=\/wp\/v2\/types\/page"}],"author":[{"embeddable":true,"href":"https:\/\/rotarycatez.si\/index.php?rest_route=\/wp\/v2\/users\/1"}],"replies":[{"embeddable":true,"href":"https:\/\/rotarycatez.si\/index.php?rest_route=%2Fwp%2Fv2%2Fcomments&post=13"}],"version-history":[{"count":21,"href":"https:\/\/rotarycatez.si\/index.php?rest_route=\/wp\/v2\/pages\/13\/revisions"}],"predecessor-version":[{"id":292,"href":"https:\/\/rotarycatez.si\/index.php?rest_route=\/wp\/v2\/pages\/13\/revisions\/292"}],"wp:attachment":[{"href":"https:\/\/rotarycatez.si\/index.php?rest_route=%2Fwp%2Fv2%2Fmedia&parent=13"}],"curies":[{"name":"wp","href":"https:\/\/api.w.org\/{rel}","templated":true}]}}