{"id":185,"date":"2018-07-20T12:34:34","date_gmt":"2018-07-20T10:34:34","guid":{"rendered":"http:\/\/rotarycatez.si\/?page_id=185"},"modified":"2018-10-26T10:00:23","modified_gmt":"2018-10-26T08:00:23","slug":"nasa-dejavnost","status":"publish","type":"page","link":"https:\/\/rotarycatez.si\/?page_id=185","title":{"rendered":"Na\u0161a dejavnost"},"content":{"rendered":"<p>Na tej strani bomo objavljali seznam na\u0161ih dobrodelnih projektov in drugih dejavnosti.<\/p>\n<p>Pretekli dogodki:<\/p>\n<ul>\n<li><strong><a class=\"row-title\" href=\"http:\/\/rotarycatez.si\/?p=202\" aria-label=\"\u201c21. dobrodelni Miklav\u017eev koncert\u201d (Edit)\">21. dobrodelni Miklav\u017eev koncert<\/a><\/strong><\/li>\n<li><strong><a class=\"row-title\" href=\"http:\/\/rotarycatez.si\/?p=196\" aria-label=\"\u201cVabilo na dan odprtih vrat in predstavitev Pre\u010denje Grenlandije\u201d (Edit)\">Vabilo na dan odprtih vrat in predstavitev Pre\u010denje Grenlandije<\/a><\/strong><\/li>\n<li><strong><a class=\"row-title\" href=\"http:\/\/rotarycatez.si\/?p=189\" aria-label=\"\u201cIvan \u0160irola: Vse\u017eivljenjska vadba v Judo klubu Kr\u0161ko\u201d (Edit)\">Ivan \u0160irola: Vse\u017eivljenjska vadba v Judo klubu Kr\u0161ko<\/a><\/strong><\/li>\n<li><strong><a class=\"row-title\" href=\"http:\/\/rotarycatez.si\/?p=211\" aria-label=\"\u201c7. Slovenski Rotary rally \u2013 \u201cZELENA DOLENJKA\u201d\u201d (Edit)\">7. Slovenski Rotary rally \u2013 \u201cZELENA DOLENJKA\u201d<\/a><\/strong><\/li>\n<li><strong><a class=\"row-title\" href=\"http:\/\/rotarycatez.si\/?p=213\" aria-label=\"\u201cDan odprtih vrat 10.10.2017\u201d (Edit)\">Dan odprtih vrat 10.10.2017<\/a> <\/strong><\/li>\n<li><strong><a class=\"row-title\" href=\"http:\/\/rotarycatez.si\/?p=215\" aria-label=\"\u201cTradicionalni 20. dobrodelni Miklav\u017eev koncert\u201d (Edit)\">Tradicionalni 20. dobrodelni Miklav\u017eev koncert<\/a> <\/strong><\/li>\n<li><strong><a class=\"row-title\" href=\"http:\/\/rotarycatez.si\/?p=209\" aria-label=\"\u201c18. dobrodelni miklav\u017eev koncert\u201d (Edit)\">18. dobrodelni miklav\u017eev koncert<\/a><\/strong><\/li>\n<\/ul>\n","protected":false},"excerpt":{"rendered":"<p>Na tej strani bomo objavljali seznam na\u0161ih dobrodelnih projektov in drugih dejavnosti. Pretekli dogodki: 21. dobrodelni Miklav\u017eev koncert Vabilo na dan odprtih vrat in predstavitev Pre\u010denje Grenlandije Ivan \u0160irola: Vse\u017eivljenjska vadba v Judo klubu Kr\u0161ko 7. Slovenski Rotary rally \u2013 &hellip; <a href=\"https:\/\/rotarycatez.si\/?page_id=185\">Continue reading <span class=\"meta-nav\">&rarr;<\/span><\/a><\/p>\n","protected":false},"author":1,"featured_media":0,"parent":0,"menu_order":0,"comment_status":"closed","ping_status":"closed","template":"","meta":{"footnotes":""},"class_list":["post-185","page","type-page","status-publish","hentry"],"publishpress_future_action":{"enabled":false,"date":"2026-04-11 01:41:31","action":"change-status","newStatus":"draft","terms":[],"taxonomy":"","extraData":[]},"publishpress_future_workflow_manual_trigger":{"enabledWorkflows":[]},"_links":{"self":[{"href":"https:\/\/rotarycatez.si\/index.php?rest_route=\/wp\/v2\/pages\/185","targetHints":{"allow":["GET"]}}],"collection":[{"href":"https:\/\/rotarycatez.si\/index.php?rest_route=\/wp\/v2\/pages"}],"about":[{"href":"https:\/\/rotarycatez.si\/index.php?rest_route=\/wp\/v2\/types\/page"}],"author":[{"embeddable":true,"href":"https:\/\/rotarycatez.si\/index.php?rest_route=\/wp\/v2\/users\/1"}],"replies":[{"embeddable":true,"href":"https:\/\/rotarycatez.si\/index.php?rest_route=%2Fwp%2Fv2%2Fcomments&post=185"}],"version-history":[{"count":6,"href":"https:\/\/rotarycatez.si\/index.php?rest_route=\/wp\/v2\/pages\/185\/revisions"}],"predecessor-version":[{"id":220,"href":"https:\/\/rotarycatez.si\/index.php?rest_route=\/wp\/v2\/pages\/185\/revisions\/220"}],"wp:attachment":[{"href":"https:\/\/rotarycatez.si\/index.php?rest_route=%2Fwp%2Fv2%2Fmedia&parent=185"}],"curies":[{"name":"wp","href":"https:\/\/api.w.org\/{rel}","templated":true}]}}