{"id":22,"date":"2012-11-27T08:12:09","date_gmt":"2012-11-27T07:12:09","guid":{"rendered":"http:\/\/rotarycatez.si\/?page_id=22"},"modified":"2026-01-06T21:33:39","modified_gmt":"2026-01-06T20:33:39","slug":"zgodovina","status":"publish","type":"page","link":"https:\/\/rotarycatez.si\/?page_id=22","title":{"rendered":"Info kluba"},"content":{"rendered":"<p>Ustanovitev \/ Formation : 22.10.1997<br \/>Boter klub \/ Sponsor club : RC Portoro\u017e<br \/>Sprejem v RI \/ Charter: 29.11.1997<br \/>RI, No.: 50783<br \/>Sre\u010danja \/ Meetings: Hotel terme \u010cate\u017e, Topli\u0161ka cesta 35, 8251 \u010cate\u017e ob Savi, vsak torek 19.00\/20.00<br \/>Po\u0161tni naslov \/ Address: Rotary klub \u010cate\u017e, Topli\u0161ka cesta 35, 8251 \u010cate\u017e ob Savi<br \/>Elektronski naslov \/ Email: rotaryklubcatez@gmail.com<br \/>Ban\u010dni ra\u010dun \/ Bank account: IBAN SI56 0237 3009 2516 008 (NLB d.d.)<\/p>\n<p class=\"p1\"><strong><span class=\"s1\">Vodstvo \/ club officers 2025\/2026:<\/span><\/strong><\/p>\n<ul>\n<li>Predsednik \/ President: Marjan \u0160unta<\/li>\n<li>Bodo\u010di predsednik \/ President elect: &#8230;<\/li>\n<li>Biv\u0161i predsednik \/ Past president: Jadranka Novoselc<\/li>\n<li>Tajnik \/ Secretary: Jadranka Novoselc<\/li>\n<li>Zakladnik \/ Treasurer: Franci Soto\u0161ek<\/li>\n<li>Klubski mojster \/ Ma\u00eetre: Franc Bo\u017ei\u010dek<\/li>\n<li>Poverjenik za \u010dlanstvo \/ Club Director &#8211; Membership: Marjan \u0160unta<\/li>\n<li>Poverjenik za fundacije \/ Club Director &#8211; The Rotary Foundation: Franc Bo\u017ei\u010dek<\/li>\n<li>Predstavnica za odnose z javnostmi \/ Club Director: Jadranka Novoselc<\/li>\n<li>Poverjenik za nove generacije: Andrej \u0160prajc<\/li>\n<\/ul>\n<p class=\"p1\"><strong><span class=\"s1\">Vodstvo \/ club officers 2024\/2025:<\/span><\/strong><\/p>\n<ul>\n<li>Predsednica \/ President: Jadranka Novoselc<\/li>\n<li>Bodo\u010di predsednik \/ President elect: Marjan \u0160unta<\/li>\n<li>Podpredsednika \/ Vicepresidents: Karel Kozole, Franc Bo\u017ei\u010dek<\/li>\n<li>Biv\u0161i predsednik \/ Past president: Franci Soto\u0161ek<\/li>\n<li>Tajnik \/ Secretary: Marjan \u0160unta<\/li>\n<li>Zakladnik \/ Treasurer: Franci Soto\u0161ek<\/li>\n<li>Klubski mojster \/ Ma\u00eetre: Andrej \u0160prajc<\/li>\n<li>Mladinska dejavnost \/ Youth Programmes: Andrej Bo\u017ei\u010d<\/li>\n<li>Predstavnik za \u010dlanstvo \/ Club Director &#8211; Membership: Andrej Bo\u017ei\u010d<\/li>\n<li>Predstavnik za fundacije \/ Club Director &#8211; The Rotary Foundation: Franc Bo\u017ei\u010dek<\/li>\n<li>Predstavnik za odnose z javnostmi \/ Club Director &#8211; Public Image: Bla\u017e Rodi\u010d<\/li>\n<\/ul>\n<p><strong>Vodstvo \/ club officers 2023\/2024<\/strong><\/p>\n<ul>\n<li>Predsednik \/ President: Franci Soto\u0161ek<\/li>\n<li>Prihodnja predsednica \/ President elect: Jadranka Novoselc<\/li>\n<li>Podpredsednik \/ Vicepresident: Aleksander Zupan\u010di\u010d in Bla\u017e Rodi\u010d<\/li>\n<li>Biv\u0161i predsednik \/ Past president: Marko Graj\u017el<\/li>\n<li>Tajnik \/ Secretary: Marjan \u0160unta<\/li>\n<li>Zakladnik \/ Treasurer: Karel Kozole<\/li>\n<li>Klubski mojster \/ Ma\u00eetre: Andrej \u0160prajc<\/li>\n<li>Mladinska dejavnost \/ Youth Programmes: Andrej Bo\u017ei\u010d<\/li>\n<\/ul>\n<p><strong>Vodstvo 2021\/2022 in 2022\/2023<br \/><\/strong><\/p>\n<ul>\n<li>Predsednik: Marko Graj\u017el<\/li>\n<li>Podpredsednika: Marjan \u0160unta<\/li>\n<li>Sekretar: Andrej Bo\u017ei\u010d<\/li>\n<li>Zakladnik: Franc Soto\u0161ek<\/li>\n<li>Klubski mojster: Franc Bo\u017ei\u010dek<\/li>\n<li>Mladinska dejavnost: Toni Hor\u017een<\/li>\n<\/ul>\n<p><strong>Vodstvo 2020\/2021<\/strong><\/p>\n<ul>\n<li>Predsednik: Bla\u017e Rodi\u010d<\/li>\n<li>Podpredsednika: Marjan \u0160unta, Mojca Novak<\/li>\n<li>Sekretarka: Jadranka Novoselc<\/li>\n<li>Zakladnik: Franc Soto\u0161ek<\/li>\n<li>Klubski mojster: Franc Bo\u017ei\u010dek<\/li>\n<li>Mladinska dejavnost: Toni Hor\u017een<\/li>\n<\/ul>\n<p><strong>\u010clani:<\/strong><br \/>Andrej Bo\u017ei\u010d, Franc Bo\u017ei\u010dek, Aleksandar Cvetanovski, Viljem Glas, Marko Grajzl, \u017deljko Halapija, Toni Hor\u017een, Bo\u0161tjan Kek, Mihael Ke\u017eman, Domen Kodri\u010d, Branko Kos, Karel Kozole, Peter Krivec, Jadranka Novoselc, Aleksander Polovi\u010d, Katarina Rajapakse, Bla\u017e Rodi\u010d, Franc Soto\u0161ek, Nata\u0161a \u0160erbec, Gorazd \u0160o\u0161ter, Anton \u0160polar, Andrej \u0160prajc, Marjan \u0160unta, Rajko Veber, Tone Zorko, Aleksander Zupan\u010di\u010d<\/p>\n<p><strong>Vodstvo 2019\/2020<br \/><\/strong>Predsednik: Franc Bo\u017ei\u010dek<br \/>Podpredsednika: Viljem Glas, Marjan \u0160unta<br \/>Sekretarka: Jadranka Novoselc<br \/>Zakladnik: Franc Soto\u0161ek<br \/>Klubski mojster: Toni Hor\u017een<br \/>Mladinska dejavnost: Domen Kodri\u010d<\/p>\n<p><strong>Vodstvo <\/strong><strong>2018\/2019<\/strong><br \/>Predsednik:\u00a0 \u00a0 \u00a0 \u00a0 \u00a0 \u00a0 \u00a0 \u00a0 \u00a0\u00a0 \u00a0\u00a0\u00a0 Anton (Toni) <span class=\"il\">Hor<\/span>\u017een<br \/>Zakladnik:\u00a0 \u00a0 \u00a0 \u00a0 \u00a0 \u00a0 \u00a0 \u00a0 \u00a0 \u00a0 \u00a0\u00a0\u00a0 \u00a0 Franc Soto\u0161ek<br \/>Tajnica:\u00a0 \u00a0 \u00a0 \u00a0 \u00a0 \u00a0 \u00a0 \u00a0 \u00a0 \u00a0 \u00a0 \u00a0 \u00a0\u00a0 \u00a0 Jadranka Novoselc<br \/>Podpredsednik:\u00a0 \u00a0 \u00a0 \u00a0 \u00a0 \u00a0 \u00a0 \u00a0 Bla\u017e Rodi\u010d<br \/>Podpredsednik:\u00a0 \u00a0 \u00a0 \u00a0 \u00a0 \u00a0 \u00a0 \u00a0 Aleksander Zupan\u010di\u010d<br \/>Podpredsednica:\u00a0 \u00a0 \u00a0 \u00a0\u00a0\u00a0 \u00a0 \u00a0 Nata\u0161a \u0160erbec<br \/>Klubski mojster:\u00a0 \u00a0 \u00a0 \u00a0 \u00a0\u00a0\u00a0 \u00a0\u00a0 Domen Kodri\u010d<br \/>Mladinska dejavnost:\u00a0 \u00a0 \u00a0 \u00a0 Andrej Bo\u017ei\u010d<\/p>\n\n\n<p><\/p>\n","protected":false},"excerpt":{"rendered":"<p>Ustanovitev \/ Formation : 22.10.1997Boter klub \/ Sponsor club : RC Portoro\u017eSprejem v RI \/ Charter: 29.11.1997RI, No.: 50783Sre\u010danja \/ Meetings: Hotel terme \u010cate\u017e, Topli\u0161ka cesta 35, 8251 \u010cate\u017e ob Savi, vsak torek 19.00\/20.00Po\u0161tni naslov \/ Address: Rotary klub \u010cate\u017e, &hellip; <a href=\"https:\/\/rotarycatez.si\/?page_id=22\">Continue reading <span class=\"meta-nav\">&rarr;<\/span><\/a><\/p>\n","protected":false},"author":1,"featured_media":0,"parent":0,"menu_order":0,"comment_status":"closed","ping_status":"closed","template":"","meta":{"footnotes":""},"class_list":["post-22","page","type-page","status-publish","hentry"],"publishpress_future_action":{"enabled":false,"date":"2026-04-11 01:35:33","action":"change-status","newStatus":"draft","terms":[],"taxonomy":"","extraData":[]},"publishpress_future_workflow_manual_trigger":{"enabledWorkflows":[]},"_links":{"self":[{"href":"https:\/\/rotarycatez.si\/index.php?rest_route=\/wp\/v2\/pages\/22","targetHints":{"allow":["GET"]}}],"collection":[{"href":"https:\/\/rotarycatez.si\/index.php?rest_route=\/wp\/v2\/pages"}],"about":[{"href":"https:\/\/rotarycatez.si\/index.php?rest_route=\/wp\/v2\/types\/page"}],"author":[{"embeddable":true,"href":"https:\/\/rotarycatez.si\/index.php?rest_route=\/wp\/v2\/users\/1"}],"replies":[{"embeddable":true,"href":"https:\/\/rotarycatez.si\/index.php?rest_route=%2Fwp%2Fv2%2Fcomments&post=22"}],"version-history":[{"count":39,"href":"https:\/\/rotarycatez.si\/index.php?rest_route=\/wp\/v2\/pages\/22\/revisions"}],"predecessor-version":[{"id":352,"href":"https:\/\/rotarycatez.si\/index.php?rest_route=\/wp\/v2\/pages\/22\/revisions\/352"}],"wp:attachment":[{"href":"https:\/\/rotarycatez.si\/index.php?rest_route=%2Fwp%2Fv2%2Fmedia&parent=22"}],"curies":[{"name":"wp","href":"https:\/\/api.w.org\/{rel}","templated":true}]}}